{"id":1897,"date":"2022-05-09T10:00:34","date_gmt":"2022-05-09T08:00:34","guid":{"rendered":"https:\/\/www.manutan.hu\/blog\/?page_id=1897"},"modified":"2023-09-13T18:45:30","modified_gmt":"2023-09-13T16:45:30","slug":"tanulmany-a-vallalkozasok-hulladekcsokkenteserol","status":"publish","type":"page","link":"https:\/\/www.manutan.hu\/blog\/tanulmany-a-vallalkozasok-hulladekcsokkenteserol\/","title":{"rendered":"Tanulm\u00e1ny a v\u00e1llalkoz\u00e1sok hullad\u00e9kcs\u00f6kkent\u00e9s\u00e9r\u0151l"},"content":{"rendered":"\n<h2>Optimaliz\u00e1lja k\u00f6lts\u00e9geit \u00e9s cs\u00f6kkentse a hullad\u00e9k mennyis\u00e9g\u00e9t a v\u00e1llalati hullad\u00e9kgazd\u00e1lkod\u00e1sr\u00f3l sz\u00f3l\u00f3 tanulm\u00e1nyunk seg\u00edts\u00e9g\u00e9vel. Ebben a tanulm\u00e1nyban megtal\u00e1lja azokat a m\u00f3dszereket \u00e9s j\u00f3l bev\u00e1lt gyakorlatokat, amelyeket \u00e9rdemes lehet elsaj\u00e1t\u00edtani.<\/h2>\n\n\n\n<p>A CSR (t\u00e1rsadalmi felel\u0151ss\u00e9gv\u00e1llal\u00e1s) \u00e9s a k\u00f6rnyezetv\u00e9delmi aggodalmak kor\u00e1ban a hullad\u00e9kkezel\u00e9s \u00e9s -optimaliz\u00e1l\u00e1s egyre fontosabb k\u00e9rd\u00e9ss\u00e9 v\u00e1lik a v\u00e1llalkoz\u00e1sok \u00e9let\u00e9ben.<\/p>\n\n\n\n<p>A v\u00e1llalkoz\u00e1sokn\u00e1l <strong>a hullad\u00e9k gy\u0171jt\u00e9se \u00e9s kezel\u00e9se<\/strong> k\u00f6rnyezetv\u00e9delmi \u00e9s gazdas\u00e1gi k\u00e9rd\u00e9sk\u00e9nt konkr\u00e9t gyakorlatok \u00e9s val\u00f3di szervezeti strat\u00e9gi\u00e1k megval\u00f3s\u00edt\u00e1s\u00e1t ig\u00e9nyli, ha azt akarjuk, hogy ez a fejleszt\u00e9sek egyik elem\u00e9v\u00e9 v\u00e1ljon. \u00cdme n\u00e9h\u00e1ny tipp \u00e9s inform\u00e1ci\u00f3 <strong>a v\u00e1llalati hullad\u00e9kgazd\u00e1lkod\u00e1shoz<\/strong>.<\/p>\n\n\n\n<h2>Hogyan jav\u00edthat\u00f3 a hullad\u00e9kgazd\u00e1lkod\u00e1s a v\u00e1llalkoz\u00e1sokn\u00e1l?<\/h2>\n\n\n\n<p>Val\u00f3sz\u00edn\u0171leg az\u00e9rt olvassa ezeket a sorokat, mert m\u00e1r elgondolkodott a hullad\u00e9kgazd\u00e1lkod\u00e1sr\u00f3l az \u00d6n v\u00e1llalkoz\u00e1s\u00e1n\u00e1l, \u00e9s j\u00f3 megk\u00f6zel\u00edt\u00e9snek tartja. Az eur\u00f3pai szab\u00e1lyoz\u00e1s ismerete \u00e9s a hat\u00e1lyos szabv\u00e1nyoknak megfelel\u0151 min\u0151s\u00e9gi er\u0151forr\u00e1sok haszn\u00e1lata k\u00e9t nagyon fontos els\u0151 l\u00e9p\u00e9s.<\/p>\n\n\n\n<h3>Ismerje meg jobban az el\u0151\u00edr\u00e1sokat, hogy be tudja tartani azokat<\/h3>\n\n\n\n<p>Az Eur\u00f3pai Parlament \u00e9s a Tan\u00e1cs 2008. november 19-i <a href=\"https:\/\/net.jogtar.hu\/jogszabaly?docid=A1200185.TV\" data-type=\"URL\" data-id=\"https:\/\/net.jogtar.hu\/jogszabaly?docid=A1200185.TV\" target=\"_blank\" rel=\"noreferrer noopener\">2008\/98\/EK<\/a> sz. ir\u00e1nyelve szerint a hullad\u00e9kok \u00e9s a csomagol\u00e1sok gy\u0171jt\u00e9s\u00e9re \u00e9s kezel\u00e9s\u00e9re vonatkoz\u00f3 sz\u00e1mos f\u0151 szab\u00e1lyoz\u00e1si elvet meg kell ismerni \u00e9s be kell tartani:<\/p>\n\n\n\n<p>Ismerni kell egy anyag vagy t\u00e1rgy t\u00e9nyleges vagy felt\u00e9telezett hat\u00e1sait a k\u00f6rnyezetre vagy az emberi eg\u00e9szs\u00e9gre, hogy k\u00f6zvetlen\u00fcl a szennyez\u0151 forr\u00e1sn\u00e1l tudjunk beavatkozni.<\/p>\n\n\n\n<p>Az Egys\u00e9ges Eur\u00f3pai Okm\u00e1ny \u00e1ltal 1987-ben elfogadott <strong>\u201eszennyez\u0151 fizet\u201d elve<\/strong> egyar\u00e1nt gazdas\u00e1gi \u00e9s jogi elv, amelynek l\u00e9nyege a k\u00f6rnyezeti k\u00e1rok megel\u0151z\u00e9se \u00e9s orvosl\u00e1sa az\u00e1ltal, hogy a szennyez\u00e9s elleni k\u00fczdelem k\u00f6lts\u00e9geit a hullad\u00e9k eredeti el\u0151\u00e1ll\u00edt\u00f3j\u00e1ra, illetve a jelenlegi vagy kor\u00e1bbi birtokos\u00e1ra terhelik.<\/p>\n\n\n\n<p>A megel\u0151z\u00e9s elve az\u00e1ltal \u00e9rv\u00e9nyes\u00fcl, hogy olyan int\u00e9zked\u00e9seket \u00edr el\u0151, amellyel lehet\u0151v\u00e9 v\u00e1lik, hogy egy term\u00e9k vagy anyag ne v\u00e1ljon hullad\u00e9kk\u00e1.<\/p>\n\n\n\n<p><strong>Hullad\u00e9k el\u0151k\u00e9sz\u00edt\u00e9se \u00fajrafelhaszn\u00e1l\u00e1sra:<\/strong> a hullad\u00e9k \u00e9s a csomagol\u00e1s ellen\u0151rz\u00e9se, tiszt\u00edt\u00e1sa \u00e9s jav\u00edt\u00e1sa az \u00f6sszegy\u0171jt\u00e9s ut\u00e1ni \u00faj felhaszn\u00e1l\u00e1sra.<\/p>\n\n\n\n<div class=\"wp-block-media-text alignwide is-stacked-on-mobile\"><figure class=\"wp-block-media-text__media\"><img loading=\"lazy\" width=\"800\" height=\"533\" src=\"https:\/\/www.manutan.hu\/blog\/wp-content\/uploads\/2022\/04\/hulladekcsokkentes.jpg\" alt=\"Hullad\u00e9kcs\u00f6kkent\u00e9s a v\u00e1llalkoz\u00e1sokn\u00e1l\" class=\"wp-image-1848 size-full\" srcset=\"https:\/\/www.manutan.hu\/blog\/wp-content\/uploads\/2022\/04\/hulladekcsokkentes.jpg 800w, https:\/\/www.manutan.hu\/blog\/wp-content\/uploads\/2022\/04\/hulladekcsokkentes-300x200.jpg 300w, https:\/\/www.manutan.hu\/blog\/wp-content\/uploads\/2022\/04\/hulladekcsokkentes-768x512.jpg 768w\" sizes=\"(max-width: 800px) 100vw, 800px\" \/><\/figure><div class=\"wp-block-media-text__content\">\n<p><strong>\u00dajrahasznos\u00edt\u00e1s:<\/strong> a hullad\u00e9kb\u00f3l \u00e9s a csomagol\u00e1sb\u00f3l \u00faj alapanyagokat, anyagokat vagy t\u00e1rgyakat lehet el\u0151\u00e1ll\u00edtani.<\/p>\n\n\n\n<p><strong>Energetikai hasznos\u00edt\u00e1s az \u00fajrahasznos\u00edt\u00e1s ut\u00e1n:<\/strong> a hullad\u00e9k \u00e9s a csomagol\u00f3anyagok energiatermel\u0151 nyersanyagk\u00e9nt \u00fajulnak meg.<\/p>\n\n\n\n<p><strong>\u00c1rtalmatlan\u00edt\u00e1s: <\/strong>a hullad\u00e9kot \u00e9s a csomagol\u00f3anyagokat \u00e9get\u00e9ssel vagy hullad\u00e9klerak\u00f3ban \u00e1rtalmatlan\u00edtj\u00e1k.<\/p>\n\n\n\n<p>A vesz\u00e9lyes hullad\u00e9kok kezel\u00e9s\u00e9nek \u00e9s nyomon k\u00f6vet\u00e9s\u00e9nek er\u0151s\u00edt\u00e9se.<\/p>\n<\/div><\/div>\n\n\n\n<h3>A szabv\u00e1nyoknak megfelel\u0151 min\u0151s\u00e9g\u0171 berendez\u00e9sek haszn\u00e1lata<\/h3>\n\n\n\n<p>A rendszeres, szigor\u00fa teszteknek al\u00e1vetett hullad\u00e9kgy\u0171jt\u0151ket kell v\u00e1lasztani szil\u00e1rds\u00e1guk, ergon\u00f3mi\u00e1juk \u00e9s a hat\u00e1lyos szabv\u00e1nyoknak val\u00f3 megfelel\u00e9s\u00fck alapj\u00e1n. .<\/p>\n\n\n\n<ul><li>A haszn\u00e1lat c\u00e9lj\u00e1nak megfelel\u0151 anyagb\u00f3l v\u00e1lasszunk hullad\u00e9kgy\u0171jt\u0151t, ezzel biztos\u00edtva annak fenntarthat\u00f3s\u00e1g\u00e1t.<\/li><li>A gyakran k\u00f6r\u00fcltekint\u00e9ssel kezelend\u0151, \u00fajrahasznos\u00edt\u00f3 tart\u00e1lyoknak robusztus anyagb\u00f3l kell k\u00e9sz\u00fclni\u00fck \u00e9s ide\u00e1lis esetben meg kell felelni\u00fck a hullad\u00e9kgy\u0171jt\u0151 ed\u00e9nyekre vonatkoz\u00f3 EN 840 szabv\u00e1nynak.<\/li><li>A hullad\u00e9kgy\u0171jt\u0151 zacsk\u00f3kat m\u00e9ret\u00fck, anyaguk \u00e9s h\u00faz\u00f3zsin\u00f3rjuk alapj\u00e1n kell sz\u00e9tv\u00e1lasztani. A szemeteszs\u00e1kokra vonatkoz\u00f3 EN 13592 szabv\u00e1ny a min\u0151s\u00e9g \u00e9s a megb\u00edzhat\u00f3s\u00e1g tan\u00fas\u00edt\u00e1s\u00e1ra szolg\u00e1l.<\/li><\/ul>\n\n\n\n<h2>Hogyan szervezz\u00fck meg a hullad\u00e9kgazd\u00e1lkod\u00e1st a v\u00e1llalkoz\u00e1sokn\u00e1l?<\/h2>\n\n\n\n<p>Az Eur\u00f3pai Uni\u00f3 a hullad\u00e9kok nyomon k\u00f6vet\u00e9s\u00e9re \u00e9s kezel\u00e9s\u00e9re, valamint a csomagol\u00e1sok \u00fajrahasznos\u00edt\u00e1s\u00e1ra vonatkoz\u00f3an t\u00edz c\u00e9lt t\u0171z\u00f6tt ki, amelyeket 2035-ig terveznek el\u00e9rni.<\/p>\n\n\n\n<p><strong>A hullad\u00e9kgazd\u00e1lkod\u00e1s l\u00e9p\u00e9sei<\/strong><\/p>\n\n\n\n<p>T\u00f6bb l\u00e9p\u00e9st kell tenni a hullad\u00e9k cs\u00f6kkent\u00e9se, a k\u00f6lts\u00e9gek optimaliz\u00e1l\u00e1sa, valamint a begy\u0171jt\u0151 \u00e9s \u00fajrahasznos\u00edt\u00f3 szolg\u00e1ltat\u00f3kkal folytatand\u00f3 t\u00e1rgyal\u00e1sok el\u0151k\u00e9sz\u00edt\u00e9se \u00e9rdek\u00e9ben:<\/p>\n\n\n\n<ul><li>1. l\u00e9p\u00e9s: Hullad\u00e9kaudit. Ez mag\u00e1ban foglalja a v\u00e1llalkoz\u00e1sn\u00e1l termelt hullad\u00e9k \u00e9s csomagol\u00e1s teljes diagn\u00f3zis\u00e1nak fel\u00e1ll\u00edt\u00e1s\u00e1t.<\/li><li>2. l\u00e9p\u00e9s: A bels\u0151 anyag\u00e1raml\u00e1sok optimaliz\u00e1l\u00e1sa. Ez a l\u00e9p\u00e9s a hullad\u00e9ktermel\u00e9s cs\u00f6kkent\u00e9s\u00e9b\u0151l, a megfelel\u0151 berendez\u00e9sek haszn\u00e1lat\u00e1b\u00f3l, a bels\u0151 hullad\u00e9kfolyamatok optimaliz\u00e1l\u00e1s\u00e1b\u00f3l \u00e9s a helyben t\u00f6rt\u00e9n\u0151 kezel\u00e9s bevezet\u00e9s\u00e9b\u0151l \u00e1ll.<\/li><li>3. l\u00e9p\u00e9s: Az \u00fajrahasznos\u00edthat\u00f3s\u00e1g elemz\u00e9se. A k\u00f6rk\u00f6r\u00f6s gazdas\u00e1g koncepci\u00f3j\u00e1nak l\u00e9nyege, hogy a hullad\u00e9kot term\u00e9kekk\u00e9 alak\u00edtj\u00e1k \u00e1t.<\/li><li>4. l\u00e9p\u00e9s: Szerz\u0151d\u00e9sk\u00f6t\u00e9s feldolgoz\u00f3k\u00f6zpontokkal a gy\u0171jt\u00e9si k\u00f6lts\u00e9gek ellen\u0151rz\u00e9s\u00e9nek jav\u00edt\u00e1sa \u00e9rdek\u00e9ben.<\/li><\/ul>\n\n\n\n<h3>K\u00f6rk\u00f6r\u00f6s gazdas\u00e1g kialak\u00edt\u00e1sa a hullad\u00e9k cs\u00f6kkent\u00e9se \u00e9rdek\u00e9ben<\/h3>\n\n\n\n<div class=\"wp-block-media-text alignwide is-stacked-on-mobile\" style=\"grid-template-columns:35% auto\"><figure class=\"wp-block-media-text__media\"><a href=\"https:\/\/www.linkedin.com\/company\/manutan\"><img loading=\"lazy\" width=\"370\" height=\"140\" src=\"https:\/\/www.manutan.hu\/blog\/wp-content\/uploads\/2022\/05\/Promo_LI_right_side_370x140.jpg\" alt=\"K\u00f6vesse a Manutant a LinkedInen!\" class=\"wp-image-1902 size-full\" srcset=\"https:\/\/www.manutan.hu\/blog\/wp-content\/uploads\/2022\/05\/Promo_LI_right_side_370x140.jpg 370w, https:\/\/www.manutan.hu\/blog\/wp-content\/uploads\/2022\/05\/Promo_LI_right_side_370x140-300x114.jpg 300w\" sizes=\"(max-width: 370px) 100vw, 370px\" \/><\/a><\/figure><div class=\"wp-block-media-text__content\">\n<p>A k\u00f6rk\u00f6r\u00f6s gazdas\u00e1g koncepci\u00f3ja mag\u00e1ban foglalja a hullad\u00e9k egy r\u00e9sz\u00e9nek \u00fajrahasznos\u00edt\u00e1s ut\u00e1n t\u00f6rt\u00e9n\u0151 visszanyer\u00e9s\u00e9t, \u00e9s annak m\u00e1s v\u00e1llalkoz\u00e1sok sz\u00e1m\u00e1ra \u00e9rt\u00e9kes\u00edthet\u0151 term\u00e9kekk\u00e9 t\u00f6rt\u00e9n\u0151 \u00e1talak\u00edt\u00e1s\u00e1t.<\/p>\n<\/div><\/div>\n\n\n\n<p>A k\u00f6rk\u00f6r\u00f6s gazdas\u00e1g megval\u00f3s\u00edt\u00e1s\u00e1nak \u00e1ltal\u00e1nos elvei a k\u00f6vetkez\u0151k:<\/p>\n\n\n\n<ul><li>Azonos\u00edtsuk a hullad\u00e9kanyagot annak fizikai-k\u00e9miai tulajdons\u00e1gainak meghat\u00e1roz\u00e1s\u00e1hoz.<\/li><li>Tanulm\u00e1nyozzuk a m\u0171szaki \u00e9s gazdas\u00e1gi megval\u00f3s\u00edthat\u00f3s\u00e1got a hullad\u00e9k term\u00e9kekk\u00e9 t\u00f6rt\u00e9n\u0151 \u00e1talak\u00edt\u00e1si lehet\u0151s\u00e9geinek felm\u00e9r\u00e9se \u00e9s a j\u00f6vedelmez\u0151s\u00e9g m\u00e9r\u00e9se \u00e9rdek\u00e9ben.<\/li><li>\u00daj term\u00e9kek bevezet\u00e9se a piacon.<\/li><\/ul>\n\n\n\n<p>\u00c1ltal\u00e1noss\u00e1gban elmondhat\u00f3, hogy egy k\u00f6rk\u00f6r\u00f6s gazdas\u00e1gi projekt siker\u00e9hez fontos, hogy n\u00e9h\u00e1ny meghat\u00e1roz\u00f3 elemre alapozott cselekv\u00e9si ir\u00e1nyt k\u00f6vess\u00fcnk, mint p\u00e9ld\u00e1ul:<\/p>\n\n\n\n<ul><li>a j\u00f6v\u0151beli term\u00e9k \u00e9rt\u00e9k\u00e9nek figyelembev\u00e9tele<\/li><li>a gy\u00e1rt\u00e1si k\u00f6lts\u00e9gek tervez\u00e9se \u00e9s be\u00e9p\u00edt\u00e9se az \u00faj term\u00e9k \u00e9rt\u00e9k\u00e9be,<\/li><li>a felt\u00e1rt lehet\u0151s\u00e9gek alapj\u00e1n \u00fczleti kapcsolatok ki\u00e9p\u00edt\u00e9se a hasznos eszmecser\u00e9t el\u0151seg\u00edt\u0151 k\u00f6r\u00fclm\u00e9nyek megteremt\u00e9se \u00e9rdek\u00e9ben.<\/li><li>a logisztikai szempontok el\u0151rel\u00e1t\u00f3 tervez\u00e9se,<\/li><li>megfelel\u0151 partner kiv\u00e1laszt\u00e1sa a k\u00f6rk\u00f6r\u00f6s gazdas\u00e1g kih\u00edv\u00e1sainak \u00e9s el\u0151nyeinek ismert\u00e9ben.<\/li><\/ul>\n\n\n\n<h2>Hullad\u00e9kv\u00e1logat\u00e1s \u00e9s CSR: melyek a bev\u00e1lt gyakorlatok?<\/h2>\n\n\n\n<p>Az EcoVadis olyan platformot hozott l\u00e9tre, amely \u00e9rt\u00e9keli a v\u00e1llalkoz\u00e1sok CSR teljes\u00edtm\u00e9ny\u00e9t, \u00e9s az adott oszt\u00e1lyzat t\u00fckr\u00f6zi a fenntarthat\u00f3 fejl\u0151d\u00e9st c\u00e9lz\u00f3 befektet\u00e9s\u00fck nemzetk\u00f6zi szintj\u00e9t.<\/p>\n\n\n\n<p>Az EcoVadis \u00e1ltal figyelembe vett 21 \u00e9rt\u00e9kel\u00e9si szempont k\u00f6z\u00fcl 9 a k\u00f6rnyezetre, 2 pedig kiemelten a hullad\u00e9kkezel\u00e9si folyamatra vonatkozik.<\/p>\n\n\n\n<p>Annak \u00e9rdek\u00e9ben, hogy a v\u00e1llalkoz\u00e1s\u00e1n bel\u00fcl a legjobb CSR-politik\u00e1t tudj\u00e1k alkalmazni a hullad\u00e9kgazd\u00e1lkod\u00e1ssal kapcsolatban, az EcoVadis javasolja n\u00e9h\u00e1ny bev\u00e1lt gyakorlat elsaj\u00e1t\u00edt\u00e1s\u00e1t, \u00edgy p\u00e9ld\u00e1ul \u201e\u00d6nk\u00e9ntes \u00e1tad\u00f3pontok\u201d l\u00e9trehoz\u00e1s\u00e1t. A hullad\u00e9kgy\u0171jt\u00e9s \u00e9s -v\u00e1logat\u00e1s ezen gyakorlati alkalmaz\u00e1sa viszonylag egyszer\u0171en bevezethet\u0151, de k\u00fcl\u00f6n odafigyel\u00e9st ig\u00e9nyel annak \u00e9rdek\u00e9ben, hogy fenntarthat\u00f3 m\u00f3don be\u00e9p\u00fclj\u00f6n a v\u00e1llalkoz\u00e1sba:<\/p>\n\n\n\n<ul><li>A strat\u00e9giai helyekre (k\u00f6zleked\u00e9si utak, k\u00e1v\u00e9g\u00e9pek, nyomtat\u00f3k stb.) megfelel\u0151, rendszeresen tiszt\u00edtott \u00e9s szakszer\u0171en elhelyezett kuk\u00e1kat kell telep\u00edteni.<\/li><li>Egy\u00e9rtelm\u0171 feliratokat kell elhelyezni a hullad\u00e9kok gy\u0171jt\u00e9s\u00e9nek, v\u00e1logat\u00e1s\u00e1nak \u00e9s ez\u00e1ltal \u00fajrahasznos\u00edt\u00e1s\u00e1nak \u00f6szt\u00f6nz\u00e9s\u00e9re \u00e9s megk\u00f6nny\u00edt\u00e9s\u00e9re.<\/li><li>T\u00e1j\u00e9koztat\u00f3 kamp\u00e1nyt kell folytatni az \u00e1tad\u00f3pontok telep\u00edt\u00e9se el\u0151tt.<\/li><\/ul>\n\n\n\n<p>V\u00e1llalkoz\u00e1sa hat\u00e9konyabb hullad\u00e9kgazd\u00e1lkod\u00e1s\u00e1hoz olvassa el tanulm\u00e1nyunkat, illetve n\u00e9zze meg hullad\u00e9kcs\u00f6kkent\u00e9sre \u00e9s -kezel\u00e9sre vonatkoz\u00f3 tippjeinket.<\/p>\n\n\n\n<div class=\"wp-block-buttons\">\n<div class=\"wp-block-button\"><a class=\"wp-block-button__link\" href=\"https:\/\/www.manutan.hu\/contentMHU\/tanulmany_vallalkozasok_hulladek_csokkentesrol_low_res.pdf?utm_medium=content-text&amp;utm_source=blog&amp;utm_campaign=360csr2022&amp;utm_content=hulladekgazdalkodas_blog_oldal&amp;utm_term=cta_hulladekgazdalkodas_wp\" target=\"_blank\" rel=\"noreferrer noopener\">Let\u00f6lt\u00f6m a tanulm\u00e1nyt &gt;&gt;<\/a><\/div>\n<\/div>\n","protected":false},"excerpt":{"rendered":"<p>Optimaliz\u00e1lja k\u00f6lts\u00e9geit \u00e9s cs\u00f6kkentse a hullad\u00e9k mennyis\u00e9g\u00e9t a v\u00e1llalati hullad\u00e9kgazd\u00e1lkod\u00e1sr\u00f3l sz\u00f3l\u00f3 tanulm\u00e1nyunk seg\u00edts\u00e9g\u00e9vel! Ebben a tanulm\u00e1nyban megtal\u00e1lja azokat a m\u00f3dszereket \u00e9s j\u00f3l bev\u00e1lt gyakorlatokat, amelyeket \u00e9rdemes lehet elsaj\u00e1t\u00edtani. <\/p>\n","protected":false},"author":2,"featured_media":3151,"parent":0,"menu_order":0,"comment_status":"closed","ping_status":"closed","template":"","meta":[],"_links":{"self":[{"href":"https:\/\/www.manutan.hu\/blog\/wp-json\/wp\/v2\/pages\/1897"}],"collection":[{"href":"https:\/\/www.manutan.hu\/blog\/wp-json\/wp\/v2\/pages"}],"about":[{"href":"https:\/\/www.manutan.hu\/blog\/wp-json\/wp\/v2\/types\/page"}],"author":[{"embeddable":true,"href":"https:\/\/www.manutan.hu\/blog\/wp-json\/wp\/v2\/users\/2"}],"replies":[{"embeddable":true,"href":"https:\/\/www.manutan.hu\/blog\/wp-json\/wp\/v2\/comments?post=1897"}],"version-history":[{"count":11,"href":"https:\/\/www.manutan.hu\/blog\/wp-json\/wp\/v2\/pages\/1897\/revisions"}],"predecessor-version":[{"id":3153,"href":"https:\/\/www.manutan.hu\/blog\/wp-json\/wp\/v2\/pages\/1897\/revisions\/3153"}],"wp:featuredmedia":[{"embeddable":true,"href":"https:\/\/www.manutan.hu\/blog\/wp-json\/wp\/v2\/media\/3151"}],"wp:attachment":[{"href":"https:\/\/www.manutan.hu\/blog\/wp-json\/wp\/v2\/media?parent=1897"}],"curies":[{"name":"wp","href":"https:\/\/api.w.org\/{rel}","templated":true}]}}